{"id":968,"date":"2023-09-21T14:07:43","date_gmt":"2023-09-21T12:07:43","guid":{"rendered":"https:\/\/dan-zlom.pl\/?page_id=968"},"modified":"2023-09-21T16:24:35","modified_gmt":"2023-09-21T14:24:35","slug":"blog","status":"publish","type":"page","link":"https:\/\/dan-zlom.pl\/?page_id=968","title":{"rendered":"Blog"},"content":{"rendered":"\t\t<div data-elementor-type=\"wp-page\" data-elementor-id=\"968\" class=\"elementor elementor-968\" data-elementor-post-type=\"page\">\n\t\t\t\t\t\t\t<div class=\"elementor-element elementor-element-ca9c710 e-con-full e-flex e-con e-parent\" data-id=\"ca9c710\" data-element_type=\"container\" data-settings=\"{&quot;content_width&quot;:&quot;full&quot;}\" data-core-v316-plus=\"true\">\n\t\t\t\t<div class=\"elementor-element elementor-element-768abe6 elementor--h-position-center elementor--v-position-middle elementor-arrows-position-inside elementor-pagination-position-inside elementor-widget elementor-widget-slides\" data-id=\"768abe6\" data-element_type=\"widget\" data-settings=\"{&quot;autoplay_speed&quot;:2969,&quot;transition&quot;:&quot;fade&quot;,&quot;navigation&quot;:&quot;both&quot;,&quot;autoplay&quot;:&quot;yes&quot;,&quot;pause_on_hover&quot;:&quot;yes&quot;,&quot;pause_on_interaction&quot;:&quot;yes&quot;,&quot;infinite&quot;:&quot;yes&quot;,&quot;transition_speed&quot;:500}\" data-widget_type=\"slides.default\">\n\t\t\t\t<div class=\"elementor-widget-container\">\n\t\t\t<style>\/*! elementor-pro - v3.15.0 - 09-08-2023 *\/\n.elementor-slides .swiper-slide-bg{background-size:cover;background-position:50%;background-repeat:no-repeat;min-width:100%;min-height:100%}.elementor-slides .swiper-slide-inner{background-repeat:no-repeat;background-position:50%;position:absolute;top:0;left:0;bottom:0;right:0;padding:50px;margin:auto}.elementor-slides .swiper-slide-inner,.elementor-slides .swiper-slide-inner:hover{color:#fff;display:flex}.elementor-slides .swiper-slide-inner .elementor-background-overlay{position:absolute;z-index:0;top:0;bottom:0;left:0;right:0}.elementor-slides .swiper-slide-inner .elementor-slide-content{position:relative;z-index:1;width:100%}.elementor-slides .swiper-slide-inner .elementor-slide-heading{font-size:35px;font-weight:700;line-height:1}.elementor-slides .swiper-slide-inner .elementor-slide-description{font-size:17px;line-height:1.4}.elementor-slides .swiper-slide-inner .elementor-slide-description:not(:last-child),.elementor-slides .swiper-slide-inner .elementor-slide-heading:not(:last-child){margin-bottom:30px}.elementor-slides .swiper-slide-inner .elementor-slide-button{border:2px solid #fff;color:#fff;background:transparent;display:inline-block}.elementor-slides .swiper-slide-inner .elementor-slide-button,.elementor-slides .swiper-slide-inner .elementor-slide-button:hover{background:transparent;color:inherit;text-decoration:none}.elementor--v-position-top .swiper-slide-inner{align-items:flex-start}.elementor--v-position-bottom .swiper-slide-inner{align-items:flex-end}.elementor--v-position-middle .swiper-slide-inner{align-items:center}.elementor--h-position-left .swiper-slide-inner{justify-content:flex-start}.elementor--h-position-right .swiper-slide-inner{justify-content:flex-end}.elementor--h-position-center .swiper-slide-inner{justify-content:center}body.rtl .elementor-widget-slides .elementor-swiper-button-next{left:10px;right:auto}body.rtl .elementor-widget-slides .elementor-swiper-button-prev{right:10px;left:auto}.elementor-slides-wrapper div:not(.swiper-slide)>.swiper-slide-inner{display:none}@media (max-width:767px){.elementor-slides .swiper-slide-inner{padding:30px}.elementor-slides .swiper-slide-inner .elementor-slide-heading{font-size:23px;line-height:1;margin-bottom:15px}.elementor-slides .swiper-slide-inner .elementor-slide-description{font-size:13px;line-height:1.4;margin-bottom:15px}}<\/style>\t\t<div class=\"elementor-swiper\">\n\t\t\t<div class=\"elementor-slides-wrapper elementor-main-swiper swiper\" dir=\"ltr\" data-animation=\"\">\n\t\t\t\t<div class=\"swiper-wrapper elementor-slides\">\n\t\t\t\t\t\t\t\t\t\t<div class=\"elementor-repeater-item-0634a07 swiper-slide\"><div class=\"swiper-slide-bg elementor-ken-burns elementor-ken-burns--out\" role=\"img\"><\/div><div class=\"elementor-background-overlay\"><\/div><div class=\"swiper-slide-inner\" ><div class=\"swiper-slide-contents\"><div class=\"elementor-slide-heading\">BLOG<\/div><\/div><\/div><\/div>\t\t\t\t<\/div>\n\t\t\t\t\t\t\t<\/div>\n\t\t<\/div>\n\t\t\t\t<\/div>\n\t\t\t\t<\/div>\n\t\t\t\t<\/div>\n\t\t<div class=\"elementor-element elementor-element-4e033e5 e-flex e-con-boxed e-con e-parent\" data-id=\"4e033e5\" data-element_type=\"container\" data-settings=\"{&quot;background_background&quot;:&quot;classic&quot;,&quot;content_width&quot;:&quot;boxed&quot;}\" data-core-v316-plus=\"true\">\n\t\t\t\t\t<div class=\"e-con-inner\">\n\t\t<div class=\"elementor-element elementor-element-cc54656 e-flex e-con-boxed e-con e-child\" data-id=\"cc54656\" data-element_type=\"container\" data-settings=\"{&quot;background_background&quot;:&quot;classic&quot;,&quot;content_width&quot;:&quot;boxed&quot;}\">\n\t\t\t\t\t<div class=\"e-con-inner\">\n\t\t<div class=\"elementor-element elementor-element-964581f e-con-full e-flex elementor-invisible e-con e-child\" data-id=\"964581f\" data-element_type=\"container\" data-settings=\"{&quot;content_width&quot;:&quot;full&quot;,&quot;background_background&quot;:&quot;classic&quot;,&quot;animation&quot;:&quot;pulse&quot;}\">\n\t\t\t\t<div class=\"elementor-element elementor-element-0eb0c8a elementor-widget elementor-widget-heading\" data-id=\"0eb0c8a\" data-element_type=\"widget\" data-widget_type=\"heading.default\">\n\t\t\t\t<div class=\"elementor-widget-container\">\n\t\t\t<style>\/*! elementor - v3.16.0 - 12-09-2023 *\/\n.elementor-heading-title{padding:0;margin:0;line-height:1}.elementor-widget-heading .elementor-heading-title[class*=elementor-size-]>a{color:inherit;font-size:inherit;line-height:inherit}.elementor-widget-heading .elementor-heading-title.elementor-size-small{font-size:15px}.elementor-widget-heading .elementor-heading-title.elementor-size-medium{font-size:19px}.elementor-widget-heading .elementor-heading-title.elementor-size-large{font-size:29px}.elementor-widget-heading .elementor-heading-title.elementor-size-xl{font-size:39px}.elementor-widget-heading .elementor-heading-title.elementor-size-xxl{font-size:59px}<\/style><h2 class=\"elementor-heading-title elementor-size-default\">Skup Z\u0142omu Jelenia G\u00f3ra<\/h2>\t\t<\/div>\n\t\t\t\t<\/div>\n\t\t\t\t<\/div>\n\t\t<div class=\"elementor-element elementor-element-e95cbae e-con-full elementor-hidden-mobile e-flex e-con e-child\" data-id=\"e95cbae\" data-element_type=\"container\" data-settings=\"{&quot;content_width&quot;:&quot;full&quot;,&quot;background_background&quot;:&quot;classic&quot;}\">\n\t\t\t\t<div class=\"elementor-element elementor-element-2af0899 elementor-widget elementor-widget-text-editor\" data-id=\"2af0899\" data-element_type=\"widget\" data-widget_type=\"text-editor.default\">\n\t\t\t\t<div class=\"elementor-widget-container\">\n\t\t\t<style>\/*! elementor - v3.16.0 - 12-09-2023 *\/\n.elementor-widget-text-editor.elementor-drop-cap-view-stacked .elementor-drop-cap{background-color:#69727d;color:#fff}.elementor-widget-text-editor.elementor-drop-cap-view-framed .elementor-drop-cap{color:#69727d;border:3px solid;background-color:transparent}.elementor-widget-text-editor:not(.elementor-drop-cap-view-default) .elementor-drop-cap{margin-top:8px}.elementor-widget-text-editor:not(.elementor-drop-cap-view-default) .elementor-drop-cap-letter{width:1em;height:1em}.elementor-widget-text-editor .elementor-drop-cap{float:left;text-align:center;line-height:1;font-size:50px}.elementor-widget-text-editor .elementor-drop-cap-letter{display:inline-block}<\/style>\t\t\t\t<p>Wysokie ceny skupu<\/p>\t\t\t\t\t\t<\/div>\n\t\t\t\t<\/div>\n\t\t\t\t<div class=\"elementor-element elementor-element-5c509d3 elementor-widget elementor-widget-text-editor\" data-id=\"5c509d3\" data-element_type=\"widget\" data-widget_type=\"text-editor.default\">\n\t\t\t\t<div class=\"elementor-widget-container\">\n\t\t\t\t\t\t\t<p>Sk\u0142ad z\u0142omu Dan-Z\u0142om w Jeleniej G\u00f3rze oferuje atrakcyjne ceny za z\u0142om i metale kolorowe, co oznacza, \u017ce mo\u017cesz zarobi\u0107 wi\u0119cej za swoje surowce.<\/p>\t\t\t\t\t\t<\/div>\n\t\t\t\t<\/div>\n\t\t\t\t<\/div>\n\t\t<div class=\"elementor-element elementor-element-cf69837 e-con-full elementor-hidden-mobile e-flex e-con e-child\" data-id=\"cf69837\" data-element_type=\"container\" data-settings=\"{&quot;content_width&quot;:&quot;full&quot;,&quot;background_background&quot;:&quot;classic&quot;}\">\n\t\t\t\t<div class=\"elementor-element elementor-element-b34c7c4 elementor-widget elementor-widget-text-editor\" data-id=\"b34c7c4\" data-element_type=\"widget\" data-widget_type=\"text-editor.default\">\n\t\t\t\t<div class=\"elementor-widget-container\">\n\t\t\t\t\t\t\t<p>Profesjonalna obs\u0142uga<\/p>\t\t\t\t\t\t<\/div>\n\t\t\t\t<\/div>\n\t\t\t\t<div class=\"elementor-element elementor-element-0e8c4ae elementor-widget elementor-widget-text-editor\" data-id=\"0e8c4ae\" data-element_type=\"widget\" data-widget_type=\"text-editor.default\">\n\t\t\t\t<div class=\"elementor-widget-container\">\n\t\t\t\t\t\t\t<p>Nasz do\u015bwiadczony personel zapewni Ci szybk\u0105 i rzeteln\u0105 obs\u0142ug\u0119, pomagaj\u0105c w roz\u0142adowaniu i klasyfikacji materia\u0142\u00f3w.<\/p>\t\t\t\t\t\t<\/div>\n\t\t\t\t<\/div>\n\t\t\t\t<\/div>\n\t\t<div class=\"elementor-element elementor-element-d0b810d e-con-full elementor-hidden-mobile e-flex e-con e-child\" data-id=\"d0b810d\" data-element_type=\"container\" data-settings=\"{&quot;content_width&quot;:&quot;full&quot;,&quot;background_background&quot;:&quot;classic&quot;}\">\n\t\t\t\t<div class=\"elementor-element elementor-element-d3de401 elementor-widget elementor-widget-text-editor\" data-id=\"d3de401\" data-element_type=\"widget\" data-widget_type=\"text-editor.default\">\n\t\t\t\t<div class=\"elementor-widget-container\">\n\t\t\t\t\t\t\t<p>Szybkie i sprawne transakcje<\/p>\t\t\t\t\t\t<\/div>\n\t\t\t\t<\/div>\n\t\t\t\t<div class=\"elementor-element elementor-element-b58d056 elementor-widget elementor-widget-text-editor\" data-id=\"b58d056\" data-element_type=\"widget\" data-widget_type=\"text-editor.default\">\n\t\t\t\t<div class=\"elementor-widget-container\">\n\t\t\t\t\t\t\t<p>Nasz sk\u0142ad z\u0142omu i metali kolorowych w Jeleniej G\u00f3rze oferuje wygodne i sprawnie przeprowadzane transakcje, dzi\u0119ki czemu zaoszcz\u0119dzisz czas i energi\u0119.<\/p>\t\t\t\t\t\t<\/div>\n\t\t\t\t<\/div>\n\t\t\t\t<\/div>\n\t\t\t\t\t<\/div>\n\t\t\t\t<\/div>\n\t\t\t\t\t<\/div>\n\t\t\t\t<\/div>\n\t\t<div class=\"elementor-element elementor-element-02bc223 e-flex e-con-boxed e-con e-parent\" data-id=\"02bc223\" data-element_type=\"container\" data-settings=\"{&quot;background_background&quot;:&quot;classic&quot;,&quot;content_width&quot;:&quot;boxed&quot;}\" data-core-v316-plus=\"true\">\n\t\t\t\t\t<div class=\"e-con-inner\">\n\t\t\t\t<div class=\"elementor-element elementor-element-b410bd6 elementor-posts--align-left elementor-grid-3 elementor-grid-tablet-2 elementor-grid-mobile-1 elementor-posts--thumbnail-top elementor-widget elementor-widget-posts\" data-id=\"b410bd6\" data-element_type=\"widget\" data-settings=\"{&quot;classic_row_gap&quot;:{&quot;unit&quot;:&quot;px&quot;,&quot;size&quot;:33,&quot;sizes&quot;:[]},&quot;classic_columns&quot;:&quot;3&quot;,&quot;classic_columns_tablet&quot;:&quot;2&quot;,&quot;classic_columns_mobile&quot;:&quot;1&quot;,&quot;classic_row_gap_tablet&quot;:{&quot;unit&quot;:&quot;px&quot;,&quot;size&quot;:&quot;&quot;,&quot;sizes&quot;:[]},&quot;classic_row_gap_mobile&quot;:{&quot;unit&quot;:&quot;px&quot;,&quot;size&quot;:&quot;&quot;,&quot;sizes&quot;:[]}}\" data-widget_type=\"posts.classic\">\n\t\t\t\t<div class=\"elementor-widget-container\">\n\t\t\t<link rel=\"stylesheet\" href=\"https:\/\/dan-zlom.pl\/wp-content\/plugins\/elementor-pro\/assets\/css\/widget-posts.min.css\">\t\t<div class=\"elementor-posts-container elementor-posts elementor-posts--skin-classic elementor-grid\">\n\t\t\t\t<article class=\"elementor-post elementor-grid-item post-388 post type-post status-publish format-standard has-post-thumbnail hentry category-bez-kategorii\">\n\t\t\t\t<a class=\"elementor-post__thumbnail__link\" href=\"https:\/\/dan-zlom.pl\/?p=388\" >\n\t\t\t<div class=\"elementor-post__thumbnail\"><img loading=\"lazy\" decoding=\"async\" width=\"300\" height=\"195\" src=\"https:\/\/dan-zlom.pl\/wp-content\/uploads\/2023\/09\/pellet-drzewny-300x195.jpg\" class=\"attachment-medium size-medium wp-image-389\" alt=\"Sk\u0142ad Opa\u0142u Jelenia G\u00f3ra\" srcset=\"https:\/\/dan-zlom.pl\/wp-content\/uploads\/2023\/09\/pellet-drzewny-300x195.jpg 300w, https:\/\/dan-zlom.pl\/wp-content\/uploads\/2023\/09\/pellet-drzewny-768x499.jpg 768w, https:\/\/dan-zlom.pl\/wp-content\/uploads\/2023\/09\/pellet-drzewny.jpg 1000w\" sizes=\"auto, (max-width: 300px) 100vw, 300px\" \/><\/div>\n\t\t<\/a>\n\t\t\t\t<div class=\"elementor-post__text\">\n\t\t\t\t<h3 class=\"elementor-post__title\">\n\t\t\t<a href=\"https:\/\/dan-zlom.pl\/?p=388\" >\n\t\t\t\tPellet\t\t\t<\/a>\n\t\t<\/h3>\n\t\t\t\t<div class=\"elementor-post__meta-data\">\n\t\t\t\t\t<span class=\"elementor-post-date\">\n\t\t\t2023-09-14\t\t<\/span>\n\t\t\t\t<\/div>\n\t\t\t\t<div class=\"elementor-post__excerpt\">\n\t\t\t<p>W dzisiejszych czasach coraz wi\u0119cej os\u00f3b poszukuje ekologicznych i efektywnych rozwi\u0105za\u0144 w zakresie ogrzewania domu. Jednym z coraz bardziej popularnych wybor\u00f3w jest pelet, a firma<\/p>\n\t\t<\/div>\n\t\t\n\t\t<a class=\"elementor-post__read-more\" href=\"https:\/\/dan-zlom.pl\/?p=388\" aria-label=\"Read more about Pellet\" >\n\t\t\tCZYTAJ DALEJ\t\t<\/a>\n\n\t\t\t\t<\/div>\n\t\t\t\t<\/article>\n\t\t\t\t<article class=\"elementor-post elementor-grid-item post-359 post type-post status-publish format-standard has-post-thumbnail hentry category-bez-kategorii\">\n\t\t\t\t<a class=\"elementor-post__thumbnail__link\" href=\"https:\/\/dan-zlom.pl\/?p=359\" >\n\t\t\t<div class=\"elementor-post__thumbnail\"><img loading=\"lazy\" decoding=\"async\" width=\"300\" height=\"200\" src=\"https:\/\/dan-zlom.pl\/wp-content\/uploads\/2023\/09\/biedny-mezczyzna-w-srednim-wieku-trzymajacy-rece-kamiennego-wegla-na-sprzedaz-aby-zapewnic-zywnosc-dla-swojej-rodziny-300x200.jpg\" class=\"attachment-medium size-medium wp-image-360\" alt=\"Sk\u0142ad Opa\u0142u Jelenia G\u00f3ra\" srcset=\"https:\/\/dan-zlom.pl\/wp-content\/uploads\/2023\/09\/biedny-mezczyzna-w-srednim-wieku-trzymajacy-rece-kamiennego-wegla-na-sprzedaz-aby-zapewnic-zywnosc-dla-swojej-rodziny-300x200.jpg 300w, https:\/\/dan-zlom.pl\/wp-content\/uploads\/2023\/09\/biedny-mezczyzna-w-srednim-wieku-trzymajacy-rece-kamiennego-wegla-na-sprzedaz-aby-zapewnic-zywnosc-dla-swojej-rodziny-768x512.jpg 768w, https:\/\/dan-zlom.pl\/wp-content\/uploads\/2023\/09\/biedny-mezczyzna-w-srednim-wieku-trzymajacy-rece-kamiennego-wegla-na-sprzedaz-aby-zapewnic-zywnosc-dla-swojej-rodziny.jpg 1000w\" sizes=\"auto, (max-width: 300px) 100vw, 300px\" \/><\/div>\n\t\t<\/a>\n\t\t\t\t<div class=\"elementor-post__text\">\n\t\t\t\t<h3 class=\"elementor-post__title\">\n\t\t\t<a href=\"https:\/\/dan-zlom.pl\/?p=359\" >\n\t\t\t\tEkogroszek\t\t\t<\/a>\n\t\t<\/h3>\n\t\t\t\t<div class=\"elementor-post__meta-data\">\n\t\t\t\t\t<span class=\"elementor-post-date\">\n\t\t\t2023-09-14\t\t<\/span>\n\t\t\t\t<\/div>\n\t\t\t\t<div class=\"elementor-post__excerpt\">\n\t\t\t<p>Ekogroszek \u2013 Palny, Przyjazny \u015arodowisku Alternatywny \u0179r\u00f3d\u0142o Ciep\u0142a W dzisiejszych czasach, coraz wi\u0119ksz\u0105 uwag\u0119 przyk\u0142adamy do ekologii i zr\u00f3wnowa\u017conego rozwoju. W kontek\u015bcie ogrzewania dom\u00f3w oraz<\/p>\n\t\t<\/div>\n\t\t\n\t\t<a class=\"elementor-post__read-more\" href=\"https:\/\/dan-zlom.pl\/?p=359\" aria-label=\"Read more about Ekogroszek\" >\n\t\t\tCZYTAJ DALEJ\t\t<\/a>\n\n\t\t\t\t<\/div>\n\t\t\t\t<\/article>\n\t\t\t\t<\/div>\n\t\t\n\t\t\t\t<\/div>\n\t\t\t\t<\/div>\n\t\t\t\t\t<\/div>\n\t\t\t\t<\/div>\n\t\t\t\t\t\t\t<\/div>\n\t\t","protected":false},"excerpt":{"rendered":"<p>BLOG Skup Z\u0142omu Jelenia G\u00f3ra Wysokie ceny skupu Sk\u0142ad z\u0142omu Dan-Z\u0142om w Jeleniej G\u00f3rze oferuje atrakcyjne ceny za z\u0142om i metale kolorowe, co oznacza, \u017ce mo\u017cesz zarobi\u0107 wi\u0119cej za swoje surowce. Profesjonalna obs\u0142uga Nasz do\u015bwiadczony personel zapewni Ci szybk\u0105 i rzeteln\u0105 obs\u0142ug\u0119, pomagaj\u0105c w roz\u0142adowaniu i klasyfikacji materia\u0142\u00f3w. Szybkie i sprawne transakcje Nasz sk\u0142ad z\u0142omu &hellip;<\/p>\n<p class=\"read-more\"> <a class=\"\" href=\"https:\/\/dan-zlom.pl\/?p=359\"> <span class=\"screen-reader-text\">Ekogroszek<\/span> Read More &raquo;<\/a><\/p>\n","protected":false},"author":1,"featured_media":0,"parent":0,"menu_order":0,"comment_status":"closed","ping_status":"closed","template":"","meta":{"site-sidebar-layout":"no-sidebar","site-content-layout":"","ast-site-content-layout":"full-width-container","site-content-style":"default","site-sidebar-style":"default","ast-global-header-display":"","ast-banner-title-visibility":"disabled","ast-main-header-display":"disabled","ast-hfb-above-header-display":"","ast-hfb-below-header-display":"","ast-hfb-mobile-header-display":"disabled","site-post-title":"disabled","ast-breadcrumbs-content":"disabled","ast-featured-img":"disabled","footer-sml-layout":"disabled","theme-transparent-header-meta":"default","adv-header-id-meta":"","stick-header-meta":"","header-above-stick-meta":"","header-main-stick-meta":"","header-below-stick-meta":"","astra-migrate-meta-layouts":"set","footnotes":""},"class_list":["post-968","page","type-page","status-publish","hentry"],"yoast_head":"<!-- This site is optimized with the Yoast SEO plugin v21.2 - https:\/\/yoast.com\/wordpress\/plugins\/seo\/ -->\n<title>Blog - Dan-Z\u0142om Sk\u0142ad Opa\u0142u Jelenia G\u00f3ra | Skup Z\u0142omu Jelenia G\u00f3ra<\/title>\n<meta name=\"robots\" content=\"index, follow, max-snippet:-1, max-image-preview:large, max-video-preview:-1\" \/>\n<link rel=\"canonical\" href=\"https:\/\/dan-zlom.pl\/?page_id=968\" \/>\n<meta property=\"og:locale\" content=\"pl_PL\" \/>\n<meta property=\"og:type\" content=\"article\" \/>\n<meta property=\"og:title\" content=\"Blog - Dan-Z\u0142om Sk\u0142ad Opa\u0142u Jelenia G\u00f3ra | Skup Z\u0142omu Jelenia G\u00f3ra\" \/>\n<meta property=\"og:description\" content=\"BLOG Skup Z\u0142omu Jelenia G\u00f3ra Wysokie ceny skupu Sk\u0142ad z\u0142omu Dan-Z\u0142om w Jeleniej G\u00f3rze oferuje atrakcyjne ceny za z\u0142om i metale kolorowe, co oznacza, \u017ce mo\u017cesz zarobi\u0107 wi\u0119cej za swoje surowce. Profesjonalna obs\u0142uga Nasz do\u015bwiadczony personel zapewni Ci szybk\u0105 i rzeteln\u0105 obs\u0142ug\u0119, pomagaj\u0105c w roz\u0142adowaniu i klasyfikacji materia\u0142\u00f3w. Szybkie i sprawne transakcje Nasz sk\u0142ad z\u0142omu &hellip; Ekogroszek Read More &raquo;\" \/>\n<meta property=\"og:url\" content=\"https:\/\/dan-zlom.pl\/?page_id=968\" \/>\n<meta property=\"og:site_name\" content=\"Dan-Z\u0142om Sk\u0142ad Opa\u0142u Jelenia G\u00f3ra | Skup Z\u0142omu Jelenia G\u00f3ra\" \/>\n<meta property=\"article:modified_time\" content=\"2023-09-21T14:24:35+00:00\" \/>\n<meta name=\"twitter:card\" content=\"summary_large_image\" \/>\n<script type=\"application\/ld+json\" class=\"yoast-schema-graph\">{\"@context\":\"https:\/\/schema.org\",\"@graph\":[{\"@type\":\"WebPage\",\"@id\":\"https:\/\/dan-zlom.pl\/?page_id=968\",\"url\":\"https:\/\/dan-zlom.pl\/?page_id=968\",\"name\":\"Blog - Dan-Z\u0142om Sk\u0142ad Opa\u0142u Jelenia G\u00f3ra | Skup Z\u0142omu Jelenia G\u00f3ra\",\"isPartOf\":{\"@id\":\"https:\/\/dan-zlom.pl\/#website\"},\"datePublished\":\"2023-09-21T12:07:43+00:00\",\"dateModified\":\"2023-09-21T14:24:35+00:00\",\"breadcrumb\":{\"@id\":\"https:\/\/dan-zlom.pl\/?page_id=968#breadcrumb\"},\"inLanguage\":\"pl-PL\",\"potentialAction\":[{\"@type\":\"ReadAction\",\"target\":[\"https:\/\/dan-zlom.pl\/?page_id=968\"]}]},{\"@type\":\"BreadcrumbList\",\"@id\":\"https:\/\/dan-zlom.pl\/?page_id=968#breadcrumb\",\"itemListElement\":[{\"@type\":\"ListItem\",\"position\":1,\"name\":\"Strona g\u0142\u00f3wna\",\"item\":\"https:\/\/dan-zlom.pl\/\"},{\"@type\":\"ListItem\",\"position\":2,\"name\":\"Blog\"}]},{\"@type\":\"WebSite\",\"@id\":\"https:\/\/dan-zlom.pl\/#website\",\"url\":\"https:\/\/dan-zlom.pl\/\",\"name\":\"Dan-Z\u0142om Sk\u0142ad Opa\u0142u Jelenia G\u00f3ra | Skup Z\u0142omu Jelenia G\u00f3ra\",\"description\":\"\",\"potentialAction\":[{\"@type\":\"SearchAction\",\"target\":{\"@type\":\"EntryPoint\",\"urlTemplate\":\"https:\/\/dan-zlom.pl\/?s={search_term_string}\"},\"query-input\":\"required name=search_term_string\"}],\"inLanguage\":\"pl-PL\"}]}<\/script>\n<!-- \/ Yoast SEO plugin. -->","yoast_head_json":{"title":"Blog - Dan-Z\u0142om Sk\u0142ad Opa\u0142u Jelenia G\u00f3ra | Skup Z\u0142omu Jelenia G\u00f3ra","robots":{"index":"index","follow":"follow","max-snippet":"max-snippet:-1","max-image-preview":"max-image-preview:large","max-video-preview":"max-video-preview:-1"},"canonical":"https:\/\/dan-zlom.pl\/?page_id=968","og_locale":"pl_PL","og_type":"article","og_title":"Blog - Dan-Z\u0142om Sk\u0142ad Opa\u0142u Jelenia G\u00f3ra | Skup Z\u0142omu Jelenia G\u00f3ra","og_description":"BLOG Skup Z\u0142omu Jelenia G\u00f3ra Wysokie ceny skupu Sk\u0142ad z\u0142omu Dan-Z\u0142om w Jeleniej G\u00f3rze oferuje atrakcyjne ceny za z\u0142om i metale kolorowe, co oznacza, \u017ce mo\u017cesz zarobi\u0107 wi\u0119cej za swoje surowce. Profesjonalna obs\u0142uga Nasz do\u015bwiadczony personel zapewni Ci szybk\u0105 i rzeteln\u0105 obs\u0142ug\u0119, pomagaj\u0105c w roz\u0142adowaniu i klasyfikacji materia\u0142\u00f3w. Szybkie i sprawne transakcje Nasz sk\u0142ad z\u0142omu &hellip; Ekogroszek Read More &raquo;","og_url":"https:\/\/dan-zlom.pl\/?page_id=968","og_site_name":"Dan-Z\u0142om Sk\u0142ad Opa\u0142u Jelenia G\u00f3ra | Skup Z\u0142omu Jelenia G\u00f3ra","article_modified_time":"2023-09-21T14:24:35+00:00","twitter_card":"summary_large_image","schema":{"@context":"https:\/\/schema.org","@graph":[{"@type":"WebPage","@id":"https:\/\/dan-zlom.pl\/?page_id=968","url":"https:\/\/dan-zlom.pl\/?page_id=968","name":"Blog - Dan-Z\u0142om Sk\u0142ad Opa\u0142u Jelenia G\u00f3ra | Skup Z\u0142omu Jelenia G\u00f3ra","isPartOf":{"@id":"https:\/\/dan-zlom.pl\/#website"},"datePublished":"2023-09-21T12:07:43+00:00","dateModified":"2023-09-21T14:24:35+00:00","breadcrumb":{"@id":"https:\/\/dan-zlom.pl\/?page_id=968#breadcrumb"},"inLanguage":"pl-PL","potentialAction":[{"@type":"ReadAction","target":["https:\/\/dan-zlom.pl\/?page_id=968"]}]},{"@type":"BreadcrumbList","@id":"https:\/\/dan-zlom.pl\/?page_id=968#breadcrumb","itemListElement":[{"@type":"ListItem","position":1,"name":"Strona g\u0142\u00f3wna","item":"https:\/\/dan-zlom.pl\/"},{"@type":"ListItem","position":2,"name":"Blog"}]},{"@type":"WebSite","@id":"https:\/\/dan-zlom.pl\/#website","url":"https:\/\/dan-zlom.pl\/","name":"Dan-Z\u0142om Sk\u0142ad Opa\u0142u Jelenia G\u00f3ra | Skup Z\u0142omu Jelenia G\u00f3ra","description":"","potentialAction":[{"@type":"SearchAction","target":{"@type":"EntryPoint","urlTemplate":"https:\/\/dan-zlom.pl\/?s={search_term_string}"},"query-input":"required name=search_term_string"}],"inLanguage":"pl-PL"}]}},"_links":{"self":[{"href":"https:\/\/dan-zlom.pl\/index.php?rest_route=\/wp\/v2\/pages\/968","targetHints":{"allow":["GET"]}}],"collection":[{"href":"https:\/\/dan-zlom.pl\/index.php?rest_route=\/wp\/v2\/pages"}],"about":[{"href":"https:\/\/dan-zlom.pl\/index.php?rest_route=\/wp\/v2\/types\/page"}],"author":[{"embeddable":true,"href":"https:\/\/dan-zlom.pl\/index.php?rest_route=\/wp\/v2\/users\/1"}],"replies":[{"embeddable":true,"href":"https:\/\/dan-zlom.pl\/index.php?rest_route=%2Fwp%2Fv2%2Fcomments&post=968"}],"version-history":[{"count":28,"href":"https:\/\/dan-zlom.pl\/index.php?rest_route=\/wp\/v2\/pages\/968\/revisions"}],"predecessor-version":[{"id":1088,"href":"https:\/\/dan-zlom.pl\/index.php?rest_route=\/wp\/v2\/pages\/968\/revisions\/1088"}],"wp:attachment":[{"href":"https:\/\/dan-zlom.pl\/index.php?rest_route=%2Fwp%2Fv2%2Fmedia&parent=968"}],"curies":[{"name":"wp","href":"https:\/\/api.w.org\/{rel}","templated":true}]}}